{"id":6546,"date":"2019-07-07T18:45:36","date_gmt":"2019-07-07T16:45:36","guid":{"rendered":"https:\/\/sz-info.ch\/contact\/"},"modified":"2026-01-09T18:24:12","modified_gmt":"2026-01-09T17:24:12","slug":"contact-us-sz-informatics-geneva","status":"publish","type":"page","link":"https:\/\/sz-info.ch\/en\/contact-us-sz-informatics-geneva\/","title":{"rendered":"Contact"},"content":{"rendered":"<div class=\"wpb-content-wrapper\"><p>[vc_row bg_type=&#8221;&#8221; dima_canvas_style=&#8221;&#8221; translate_x=&#8221;0&#8243; dima_z_index=&#8221;0&#8243; delay=&#8221;&#8221; animate_item=&#8221;&#8221; delay_duration=&#8221;&#8221; delay_offset=&#8221;&#8221; id=&#8221;&#8221; class=&#8221;&#8221; border_color=&#8221;&#8221;][vc_column min_height=&#8221;&#8221; bg_type=&#8221;&#8221; dima_canvas_style=&#8221;&#8221; translate_x=&#8221;0&#8243; dima_z_index=&#8221;0&#8243; delay=&#8221;&#8221; animate_item=&#8221;&#8221; delay_duration=&#8221;&#8221; delay_offset=&#8221;&#8221; width=&#8221;5\/6&#8243; id=&#8221;&#8221; class=&#8221;&#8221; style=&#8221;&#8221; border_color=&#8221;&#8221;]<h3  class=\"dima-custom-heading\"   >A project ? Let&#8217;s talk about it.<\/h3><div  class=\"noor-line dima-divider  noor-start\"  ><\/div><div class=\"wpforms-container wpforms-container-full\" id=\"wpforms-6005\"><form id=\"wpforms-form-6005\" class=\"wpforms-validate wpforms-form wpforms-ajax-form\" data-formid=\"6005\" method=\"post\" enctype=\"multipart\/form-data\" action=\"\/en\/wp-json\/wp\/v2\/pages\/6546\" data-token=\"4ea44b763500be43d263f548fa59f406\" data-token-time=\"1776163214\"><noscript class=\"wpforms-error-noscript\">Please enable JavaScript in your browser to complete this form.<\/noscript><div class=\"wpforms-field-container\"><div id=\"wpforms-6005-field_0-container\" class=\"wpforms-field wpforms-field-name wpforms-one-half wpforms-first\" data-field-id=\"0\"><input type=\"text\" id=\"wpforms-6005-field_0\" class=\"wpforms-field-large wpforms-field-required\" name=\"wpforms[fields][0]\" placeholder=\"Last Name\" required><\/div><div id=\"wpforms-6005-field_1-container\" class=\"wpforms-field wpforms-field-email wpforms-one-half\" data-field-id=\"1\"><input type=\"email\" id=\"wpforms-6005-field_1\" class=\"wpforms-field-large wpforms-field-required\" name=\"wpforms[fields][1]\" placeholder=\"E-mail\" spellcheck=\"false\" required><\/div><div id=\"wpforms-6005-field_8-container\" class=\"wpforms-field wpforms-field-text wpforms-one-half wpforms-first\" data-field-id=\"8\"><input type=\"text\" id=\"wpforms-6005-field_8\" class=\"wpforms-field-large wpforms-field-required\" name=\"wpforms[fields][8]\" placeholder=\"Object\" required><\/div><div id=\"wpforms-6005-field_6-container\" class=\"wpforms-field wpforms-field-text wpforms-one-half\" data-field-id=\"6\"><input type=\"text\" id=\"wpforms-6005-field_6\" class=\"wpforms-field-large\" name=\"wpforms[fields][6]\" placeholder=\"Phone number\" ><\/div><div id=\"wpforms-6005-field_2-container\" class=\"wpforms-field wpforms-field-textarea\" data-field-id=\"2\"><textarea id=\"wpforms-6005-field_2\" class=\"wpforms-field-large\" name=\"wpforms[fields][2]\" placeholder=\"Message\" ><\/textarea><\/div><div id=\"wpforms-6005-field_9-container\" class=\"wpforms-field wpforms-field-checkbox\" data-field-id=\"9\"><label class=\"wpforms-field-label\" for=\"wpforms-6005-field_9\">nLPG\/RGPD <span class=\"wpforms-required-label\">*<\/span><\/label><ul id=\"wpforms-6005-field_9\" class=\"wpforms-field-required\"><li class=\"choice-1 depth-1\"><input type=\"checkbox\" id=\"wpforms-6005-field_9_1\" name=\"wpforms[fields][9][]\" value=\"J\u2019accepte que mes donn\u00e9es personnelles soient trait\u00e9es pour r\u00e9pondre \u00e0 ma demande.\" required ><label class=\"wpforms-field-label-inline\" for=\"wpforms-6005-field_9_1\">J\u2019accepte que mes donn\u00e9es personnelles soient trait\u00e9es pour r\u00e9pondre \u00e0 ma demande.<\/label><\/li><\/ul><\/div><\/div><!-- .wpforms-field-container --><div class=\"wpforms-submit-container\" ><input type=\"hidden\" name=\"wpforms[id]\" value=\"6005\"><input type=\"hidden\" name=\"page_title\" value=\"\"><input type=\"hidden\" name=\"page_url\" value=\"https:\/\/sz-info.ch\/en\/wp-json\/wp\/v2\/pages\/6546\"><button type=\"submit\" name=\"wpforms[submit]\" id=\"wpforms-submit-6005\" class=\"wpforms-submit\" data-alt-text=\"Sending...\" data-submit-text=\"Send\" aria-live=\"assertive\" value=\"wpforms-submit\">Send<\/button><img loading=\"lazy\" decoding=\"async\" src=\"https:\/\/sz-info.ch\/wp-content\/plugins\/wpforms-lite\/assets\/images\/submit-spin.svg\" class=\"wpforms-submit-spinner\" style=\"display: none;\" width=\"26\" height=\"26\" alt=\"Loading\"><\/div><\/form><\/div>  <!-- .wpforms-container --><div  class=\"dima-clear\" style=\"padding-bottom:30px\"><\/div><div  class=\"dima-maps\" ><div class=\"dima-map-inner\"><iframe loading=\"lazy\" style=\"border: 0;\" src=\"https:\/\/www.google.com\/maps\/embed?pb=!1m14!1m8!1m3!1d22098.07177689209!2d6.1436!3d46.185405!3m2!1i1024!2i768!4f13.1!3m3!1m2!1s0x478c7adbcd334415%3A0x5e498966ea402e4d!2sAv.%20Cardinal-Mermillod%2036%2C%201227%20Carouge%2C%20Suisse!5e0!3m2!1sfr!2sus!4v1678032071491!5m2!1sfr!2sus\" width=\"600\" height=\"450\" allowfullscreen=\"allowfullscreen\"><\/iframe><\/div><\/div>[\/vc_column][vc_column min_height=&#8221;&#8221; bg_type=&#8221;&#8221; dima_canvas_style=&#8221;&#8221; translate_x=&#8221;0&#8243; dima_z_index=&#8221;0&#8243; delay=&#8221;&#8221; animate_item=&#8221;&#8221; delay_duration=&#8221;&#8221; delay_offset=&#8221;&#8221; width=&#8221;1\/6&#8243;]<h4  class=\"dima-custom-heading\"   >Information<\/h4><ul  class=\"icon-list\" ><li   ><span style=\"color:#ff0000;\"><svg xmlns=\"http:\/\/www.w3.org\/2000\/svg\" width=\"48\" height=\"48\" viewBox=\"0 0 48 48\"><path d=\"M24 4c-7.73 0-14 6.27-14 14 0 10.5 14 26 14 26s14-15.5 14-26c0-7.73-6.27-14-14-14zm0 19c-2.76 0-5-2.24-5-5s2.24-5 5-5 5 2.24 5 5-2.24 5-5 5z\"\/><\/svg><\/span><span class=\"sz-text\"><span class=\"sz-s\">S<\/span><span class=\"sz-z\">Z<\/span> Informatique SA<\/span><\/p>\n<p>Rue de la Fontenette, 23<br \/>\nCH-1227 Carouge<\/li><\/ul><ul  class=\"icon-list\" ><li   ><span style=\"color:#ff0000;\"><svg xmlns=\"http:\/\/www.w3.org\/2000\/svg\" width=\"48\" height=\"48\" viewBox=\"0 0 48 48\"><path d=\"M13.25 21.59c2.88 5.66 7.51 10.29 13.18 13.17l4.4-4.41c.55-.55 1.34-.71 2.03-.49C35.1 30.6 37.51 31 40 31c1.11 0 2 .89 2 2v7c0 1.11-.89 2-2 2C21.22 42 6 26.78 6 8c0-1.11.9-2 2-2h7c1.11 0 2 .89 2 2 0 2.49.4 4.9 1.14 7.14.22.69.06 1.48-.49 2.03l-4.4 4.42z\"\/><\/svg><\/span><a href=\"tel:+41%2022%20301%2014%2060\">+41 22 301 14 60<\/a><\/li><\/ul><ul  class=\"icon-list\" ><li   ><span style=\"color:#ff0000;\"><svg xmlns=\"http:\/\/www.w3.org\/2000\/svg\" width=\"48\" height=\"48\" viewBox=\"0 0 48 48\"><path d=\"M40 8H8c-2.21 0-3.98 1.79-3.98 4L4 36c0 2.21 1.79 4 4 4h32c2.21 0 4-1.79 4-4V12c0-2.21-1.79-4-4-4zm0 8L24 26 8 16v-4l16 10 16-10v4z\"\/><\/svg><\/span> <\/li><\/ul>[\/vc_column][\/vc_row][vc_row bg_type=&#8221;&#8221; dima_canvas_style=&#8221;&#8221; translate_x=&#8221;0&#8243; dima_z_index=&#8221;0&#8243; delay=&#8221;&#8221; animate_item=&#8221;&#8221; delay_duration=&#8221;&#8221; delay_offset=&#8221;&#8221;][vc_column min_height=&#8221;&#8221; bg_type=&#8221;&#8221; dima_canvas_style=&#8221;&#8221; translate_x=&#8221;0&#8243; dima_z_index=&#8221;0&#8243; delay=&#8221;&#8221; animate_item=&#8221;&#8221; delay_duration=&#8221;&#8221; delay_offset=&#8221;&#8221; width=&#8221;1\/1&#8243;]<h4  class=\"dima-custom-heading\"  data-animate        = transition.slideRightBigIn data-delay             = 100 data-duration = 500 >Key strenghts<\/h4><div  class=\"noor-line dima-divider  noor-\" data-animate=transition.slideRightBigIn data-delay=300 data-duration=500 ><\/div>[vc_row_inner bg_type=&#8221;&#8221; dima_canvas_style=&#8221;&#8221; translate_x=&#8221;0&#8243; dima_z_index=&#8221;0&#8243;][vc_column_inner delay=&#8221;&#8221; animate_item=&#8221;&#8221; delay_duration=&#8221;&#8221; delay_offset=&#8221;&#8221; translate_x=&#8221;0&#8243; dima_z_index=&#8221;0&#8243; width=&#8221;1\/3&#8243;]<div   class=\"countUp text-center with-icon add-border\"  ><sapn   class=\"icon-count\"><i  class=\"fas fa-users\"><\/i><\/sapn><div class=\"number\" ><span class=\"number-count\" data-from=\"1\" data-to=\"98\" data-formatter=\",\" data-duration=\"1.5\" data-decimals=\"0\" data-decimal=\".\">1<\/span><span class=\"dima-divider line-center line-hr small-line\"><\/span><div class=\"text\" >Customers<\/div><\/div><\/div>[\/vc_column_inner][vc_column_inner delay=&#8221;&#8221; animate_item=&#8221;&#8221; delay_duration=&#8221;&#8221; delay_offset=&#8221;&#8221; translate_x=&#8221;0&#8243; dima_z_index=&#8221;0&#8243; width=&#8221;1\/3&#8243;]<div   class=\"countUp text-center with-icon add-border\"  ><sapn   class=\"icon-count\"><i  class=\"fas fa-chart-bar\"><\/i><\/sapn><div class=\"number\" ><span class=\"number-count\" data-from=\"1\" data-to=\"882\" data-formatter=\",\" data-duration=\"1.5\" data-decimals=\"0\" data-decimal=\".\">1<\/span><span class=\"dima-divider line-center line-hr small-line\"><\/span><div class=\"text\" >Projects<\/div><\/div><\/div>[\/vc_column_inner][vc_column_inner delay=&#8221;&#8221; animate_item=&#8221;&#8221; delay_duration=&#8221;&#8221; delay_offset=&#8221;&#8221; translate_x=&#8221;0&#8243; dima_z_index=&#8221;0&#8243; width=&#8221;1\/3&#8243;]<div   class=\"countUp text-center with-icon add-border\"  ><sapn   class=\"icon-count\"><i  class=\"fab fa-codepen\"><\/i><\/sapn><div class=\"number\" ><span class=\"number-count\" data-from=\"1\" data-to=\"100\" data-formatter=\",\" data-duration=\"1.5\" data-decimals=\"0\" data-decimal=\".\">1<\/span>%<span class=\"dima-divider line-center line-hr small-line\"><\/span><div class=\"text\" >Success<\/div><\/div><\/div>[\/vc_column_inner][\/vc_row_inner][\/vc_column][\/vc_row][vc_row bg_type=&#8221;&#8221; dima_canvas_style=&#8221;&#8221; translate_x=&#8221;0&#8243; dima_z_index=&#8221;0&#8243; delay=&#8221;&#8221; animate_item=&#8221;&#8221; delay_duration=&#8221;&#8221; delay_offset=&#8221;&#8221; id=&#8221;&#8221; class=&#8221;&#8221; border_color=&#8221;&#8221;][vc_column min_height=&#8221;&#8221; bg_type=&#8221;&#8221; dima_canvas_style=&#8221;&#8221; translate_x=&#8221;0&#8243; dima_z_index=&#8221;0&#8243; delay=&#8221;&#8221; animate_item=&#8221;&#8221; delay_duration=&#8221;&#8221; delay_offset=&#8221;&#8221; width=&#8221;1\/1&#8243;]<div  class=\"no-border dima-callout dima-callout-69de198e23082 text-start\"  ><div class=\"dima-section-cover background-image-holder dima-color-mask-69de198e23082\"><\/div><div class=\"dima-callout-clm1\"><h4 class=\"h-callout\" >Work with us<\/h4><p class=\"p-callout\" >Are you looking to join a dynamic company that prioritizes the involvement and development of its employees? SZ Informatique offers you the opportunity to submit your application throughout the year.<\/p><\/div><div class=\"dima-callout-clm2 text-end\"><a   href=\"#\"  class=\"dima-button dima-waves stroke dima-btn-large dima-btn-no-rounded\"  style=\"white-space: break-spaces; line-height: 1.5rem; padding: 0.5rem;\"    >Join our team<\/a><\/div><\/div><style id=\"dima-shortcode-style-69de198e23082\" type=\"text\/css\">.dima-callout-69de198e23082 .dima-color-mask-69de198e23082{background:#f7f7f7}<\/style>[\/vc_column][\/vc_row]<\/p>\n<\/div>","protected":false},"excerpt":{"rendered":"<p>[vc_row bg_type=&#8221;&#8221; dima_canvas_style=&#8221;&#8221; translate_x=&#8221;0&#8243; dima_z_index=&#8221;0&#8243; delay=&#8221;&#8221; animate_item=&#8221;&#8221; delay_duration=&#8221;&#8221; delay_offset=&#8221;&#8221; id=&#8221;&#8221; class=&#8221;&#8221; border_color=&#8221;&#8221;][vc_column min_height=&#8221;&#8221; bg_type=&#8221;&#8221; dima_canvas_style=&#8221;&#8221; translate_x=&#8221;0&#8243; dima_z_index=&#8221;0&#8243; delay=&#8221;&#8221; animate_item=&#8221;&#8221; delay_duration=&#8221;&#8221; delay_offset=&#8221;&#8221; width=&#8221;5\/6&#8243; id=&#8221;&#8221; class=&#8221;&#8221; style=&#8221;&#8221; border_color=&#8221;&#8221;][\/vc_column][vc_column min_height=&#8221;&#8221; bg_type=&#8221;&#8221; dima_canvas_style=&#8221;&#8221; translate_x=&#8221;0&#8243; dima_z_index=&#8221;0&#8243; delay=&#8221;&#8221; animate_item=&#8221;&#8221; delay_duration=&#8221;&#8221; delay_offset=&#8221;&#8221; width=&#8221;1\/6&#8243;][\/vc_column][\/vc_row][vc_row bg_type=&#8221;&#8221; dima_canvas_style=&#8221;&#8221; translate_x=&#8221;0&#8243; dima_z_index=&#8221;0&#8243; delay=&#8221;&#8221; animate_item=&#8221;&#8221; delay_duration=&#8221;&#8221; delay_offset=&#8221;&#8221;][vc_column min_height=&#8221;&#8221; bg_type=&#8221;&#8221; dima_canvas_style=&#8221;&#8221; translate_x=&#8221;0&#8243; dima_z_index=&#8221;0&#8243; delay=&#8221;&#8221; animate_item=&#8221;&#8221; delay_duration=&#8221;&#8221; delay_offset=&#8221;&#8221; width=&#8221;1\/1&#8243;][vc_row_inner bg_type=&#8221;&#8221; [&hellip;]<\/p>\n","protected":false},"author":1,"featured_media":0,"parent":0,"menu_order":0,"comment_status":"closed","ping_status":"closed","template":"","meta":{"footnotes":""},"class_list":["post-6546","page","type-page","status-publish","hentry"],"yoast_head":"<!-- This site is optimized with the Yoast SEO plugin v22.8 - https:\/\/yoast.com\/wordpress\/plugins\/seo\/ -->\n<title>Contact us - SZ Informatique<\/title>\n<meta name=\"description\" content=\"Contact SZ Informatics in Geneva for information about our business software and custom digital solutions.\" \/>\n<meta name=\"robots\" content=\"index, follow, max-snippet:-1, max-image-preview:large, max-video-preview:-1\" \/>\n<link rel=\"canonical\" href=\"https:\/\/sz-info.ch\/en\/contact-us-sz-informatics-geneva\/\" \/>\n<meta property=\"og:locale\" content=\"en_US\" \/>\n<meta property=\"og:type\" content=\"article\" \/>\n<meta property=\"og:title\" content=\"Contact us - SZ Informatique\" \/>\n<meta property=\"og:description\" content=\"Contact SZ Informatics in Geneva for information about our business software and custom digital solutions.\" \/>\n<meta property=\"og:url\" content=\"https:\/\/sz-info.ch\/en\/contact-us-sz-informatics-geneva\/\" \/>\n<meta property=\"og:site_name\" content=\"SZ Informatique\" \/>\n<meta property=\"article:modified_time\" content=\"2026-01-09T17:24:12+00:00\" \/>\n<meta name=\"twitter:card\" content=\"summary_large_image\" \/>\n<meta name=\"twitter:label1\" content=\"Est. reading time\" \/>\n\t<meta name=\"twitter:data1\" content=\"2 minutes\" \/>\n<script type=\"application\/ld+json\" class=\"yoast-schema-graph\">{\"@context\":\"https:\/\/schema.org\",\"@graph\":[{\"@type\":\"WebPage\",\"@id\":\"https:\/\/sz-info.ch\/en\/contact-us-sz-informatics-geneva\/\",\"url\":\"https:\/\/sz-info.ch\/en\/contact-us-sz-informatics-geneva\/\",\"name\":\"Contact us - SZ Informatique\",\"isPartOf\":{\"@id\":\"http:\/\/sz-info.ch\/en\/#website\"},\"datePublished\":\"2019-07-07T16:45:36+00:00\",\"dateModified\":\"2026-01-09T17:24:12+00:00\",\"description\":\"Contact SZ Informatics in Geneva for information about our business software and custom digital solutions.\",\"breadcrumb\":{\"@id\":\"https:\/\/sz-info.ch\/en\/contact-us-sz-informatics-geneva\/#breadcrumb\"},\"inLanguage\":\"en-US\",\"potentialAction\":[{\"@type\":\"ReadAction\",\"target\":[\"https:\/\/sz-info.ch\/en\/contact-us-sz-informatics-geneva\/\"]}]},{\"@type\":\"BreadcrumbList\",\"@id\":\"https:\/\/sz-info.ch\/en\/contact-us-sz-informatics-geneva\/#breadcrumb\",\"itemListElement\":[{\"@type\":\"ListItem\",\"position\":1,\"name\":\"Accueil\",\"item\":\"http:\/\/sz-info.ch\/en\/\"},{\"@type\":\"ListItem\",\"position\":2,\"name\":\"Contact\"}]},{\"@type\":\"WebSite\",\"@id\":\"http:\/\/sz-info.ch\/en\/#website\",\"url\":\"http:\/\/sz-info.ch\/en\/\",\"name\":\"SZ Informatique\",\"description\":\"Conseils &amp; Services en informatique\",\"potentialAction\":[{\"@type\":\"SearchAction\",\"target\":{\"@type\":\"EntryPoint\",\"urlTemplate\":\"http:\/\/sz-info.ch\/en\/?s={search_term_string}\"},\"query-input\":\"required name=search_term_string\"}],\"inLanguage\":\"en-US\"}]}<\/script>\n<!-- \/ Yoast SEO plugin. -->","yoast_head_json":{"title":"Contact us - SZ Informatique","description":"Contact SZ Informatics in Geneva for information about our business software and custom digital solutions.","robots":{"index":"index","follow":"follow","max-snippet":"max-snippet:-1","max-image-preview":"max-image-preview:large","max-video-preview":"max-video-preview:-1"},"canonical":"https:\/\/sz-info.ch\/en\/contact-us-sz-informatics-geneva\/","og_locale":"en_US","og_type":"article","og_title":"Contact us - SZ Informatique","og_description":"Contact SZ Informatics in Geneva for information about our business software and custom digital solutions.","og_url":"https:\/\/sz-info.ch\/en\/contact-us-sz-informatics-geneva\/","og_site_name":"SZ Informatique","article_modified_time":"2026-01-09T17:24:12+00:00","twitter_card":"summary_large_image","twitter_misc":{"Est. reading time":"2 minutes"},"schema":{"@context":"https:\/\/schema.org","@graph":[{"@type":"WebPage","@id":"https:\/\/sz-info.ch\/en\/contact-us-sz-informatics-geneva\/","url":"https:\/\/sz-info.ch\/en\/contact-us-sz-informatics-geneva\/","name":"Contact us - SZ Informatique","isPartOf":{"@id":"http:\/\/sz-info.ch\/en\/#website"},"datePublished":"2019-07-07T16:45:36+00:00","dateModified":"2026-01-09T17:24:12+00:00","description":"Contact SZ Informatics in Geneva for information about our business software and custom digital solutions.","breadcrumb":{"@id":"https:\/\/sz-info.ch\/en\/contact-us-sz-informatics-geneva\/#breadcrumb"},"inLanguage":"en-US","potentialAction":[{"@type":"ReadAction","target":["https:\/\/sz-info.ch\/en\/contact-us-sz-informatics-geneva\/"]}]},{"@type":"BreadcrumbList","@id":"https:\/\/sz-info.ch\/en\/contact-us-sz-informatics-geneva\/#breadcrumb","itemListElement":[{"@type":"ListItem","position":1,"name":"Accueil","item":"http:\/\/sz-info.ch\/en\/"},{"@type":"ListItem","position":2,"name":"Contact"}]},{"@type":"WebSite","@id":"http:\/\/sz-info.ch\/en\/#website","url":"http:\/\/sz-info.ch\/en\/","name":"SZ Informatique","description":"Conseils &amp; Services en informatique","potentialAction":[{"@type":"SearchAction","target":{"@type":"EntryPoint","urlTemplate":"http:\/\/sz-info.ch\/en\/?s={search_term_string}"},"query-input":"required name=search_term_string"}],"inLanguage":"en-US"}]}},"_links":{"self":[{"href":"https:\/\/sz-info.ch\/en\/wp-json\/wp\/v2\/pages\/6546","targetHints":{"allow":["GET"]}}],"collection":[{"href":"https:\/\/sz-info.ch\/en\/wp-json\/wp\/v2\/pages"}],"about":[{"href":"https:\/\/sz-info.ch\/en\/wp-json\/wp\/v2\/types\/page"}],"author":[{"embeddable":true,"href":"https:\/\/sz-info.ch\/en\/wp-json\/wp\/v2\/users\/1"}],"replies":[{"embeddable":true,"href":"https:\/\/sz-info.ch\/en\/wp-json\/wp\/v2\/comments?post=6546"}],"version-history":[{"count":5,"href":"https:\/\/sz-info.ch\/en\/wp-json\/wp\/v2\/pages\/6546\/revisions"}],"predecessor-version":[{"id":6955,"href":"https:\/\/sz-info.ch\/en\/wp-json\/wp\/v2\/pages\/6546\/revisions\/6955"}],"wp:attachment":[{"href":"https:\/\/sz-info.ch\/en\/wp-json\/wp\/v2\/media?parent=6546"}],"curies":[{"name":"wp","href":"https:\/\/api.w.org\/{rel}","templated":true}]}}